{"id":3440,"date":"2019-11-17T17:09:56","date_gmt":"2019-11-17T16:09:56","guid":{"rendered":"https:\/\/sevilla-palace.com\/billet-palais-seville\/"},"modified":"2026-01-13T11:18:53","modified_gmt":"2026-01-13T10:18:53","slug":"%d8%aa%d8%b0%d9%83%d8%b1%d8%a9-%d9%82%d8%b5%d8%b1-%d8%b1%d9%8a%d8%a7%d9%84-%d8%a3%d9%84%d9%83%d8%a7%d8%ab%d8%a7%d8%b1-%d9%81%d9%8a-%d8%a5%d8%b4%d8%a8%d9%8a%d9%84%d9%8a%d8%a9","status":"publish","type":"page","link":"https:\/\/sevilla-palace.com\/ar\/","title":{"rendered":"\u0642\u0635\u0631 \u0631\u064a\u0627\u0644 \u0623\u0644\u0643\u0627\u062b\u0627\u0631 \u0641\u064a \u0625\u0634\u0628\u064a\u0644\u064a\u0629"},"content":{"rendered":"","protected":false},"excerpt":{"rendered":"","protected":false},"author":3,"featured_media":3442,"parent":0,"menu_order":0,"comment_status":"closed","ping_status":"closed","template":"templates\/template-home.php","meta":{"_acf_changed":false,"footnotes":""},"class_list":["post-3440","page","type-page","status-publish","has-post-thumbnail","hentry"],"acf":[],"yoast_head":"<!-- This site is optimized with the Yoast SEO plugin v27.4 - https:\/\/yoast.com\/product\/yoast-seo-wordpress\/ -->\n<title>\u062a\u0630\u0643\u0631\u0629 \u0642\u0635\u0631 \u0631\u064a\u0627\u0644 \u0623\u0644\u0643\u0627\u062b\u0627\u0631 \u0641\u064a \u0625\u0634\u0628\u064a\u0644\u064a\u0629 | \u062f\u062e\u0648\u0644 \u0627\u0644\u0642\u0635\u0631 \u0648\u0627\u0644\u062d\u062f\u0627\u0626\u0642.<\/title>\n<meta name=\"description\" content=\"\u0627\u0643\u062a\u0634\u0641 \u062a\u0630\u0643\u0631\u0629 \u0642\u0635\u0631 \u0631\u064a\u0627\u0644 \u0623\u0644\u0643\u0627\u062b\u0627\u0631 \u0641\u064a \u0625\u0634\u0628\u064a\u0644\u064a\u0629 \u0648\u062d\u062f\u0627\u0626\u0642\u0647 \u0645\u0639 Tilckets\u060c \u062c\u0648\u0647\u0631\u0629 \u0623\u0646\u062f\u0644\u0633\u064a\u0629 \u062d\u0642\u064a\u0642\u064a\u0629 \u062a\u062c\u0645\u0639 \u0628\u064a\u0646 \u0627\u0644\u0639\u0645\u0627\u0631\u0629 \u0648\u0627\u0644\u062a\u0642\u0627\u0644\u064a\u062f.\" \/>\n<meta name=\"robots\" content=\"index, follow, max-snippet:-1, max-image-preview:large, max-video-preview:-1\" \/>\n<link rel=\"canonical\" href=\"https:\/\/sevilla-palace.com\/ar\/\" \/>\n<script type=\"application\/ld+json\" class=\"yoast-schema-graph\">{\"@context\":\"https:\\\/\\\/schema.org\",\"@graph\":[{\"@type\":\"WebPage\",\"@id\":\"https:\\\/\\\/sevilla-palace.com\\\/ar\\\/\",\"url\":\"https:\\\/\\\/sevilla-palace.com\\\/ar\\\/\",\"name\":\"\u062a\u0630\u0643\u0631\u0629 \u0642\u0635\u0631 \u0631\u064a\u0627\u0644 \u0623\u0644\u0643\u0627\u062b\u0627\u0631 \u0641\u064a \u0625\u0634\u0628\u064a\u0644\u064a\u0629 | \u062f\u062e\u0648\u0644 \u0627\u0644\u0642\u0635\u0631 \u0648\u0627\u0644\u062d\u062f\u0627\u0626\u0642.\",\"isPartOf\":{\"@id\":\"https:\\\/\\\/sevilla-palace.com\\\/#website\"},\"primaryImageOfPage\":{\"@id\":\"https:\\\/\\\/sevilla-palace.com\\\/ar\\\/#primaryimage\"},\"image\":{\"@id\":\"https:\\\/\\\/sevilla-palace.com\\\/ar\\\/#primaryimage\"},\"thumbnailUrl\":\"https:\\\/\\\/sevilla-palace.com\\\/wp-content\\\/uploads\\\/2022\\\/10\\\/ticket-palais-seville-alcazar-1.jpg\",\"datePublished\":\"2019-11-17T16:09:56+00:00\",\"dateModified\":\"2026-01-13T10:18:53+00:00\",\"description\":\"\u0627\u0643\u062a\u0634\u0641 \u062a\u0630\u0643\u0631\u0629 \u0642\u0635\u0631 \u0631\u064a\u0627\u0644 \u0623\u0644\u0643\u0627\u062b\u0627\u0631 \u0641\u064a \u0625\u0634\u0628\u064a\u0644\u064a\u0629 \u0648\u062d\u062f\u0627\u0626\u0642\u0647 \u0645\u0639 Tilckets\u060c \u062c\u0648\u0647\u0631\u0629 \u0623\u0646\u062f\u0644\u0633\u064a\u0629 \u062d\u0642\u064a\u0642\u064a\u0629 \u062a\u062c\u0645\u0639 \u0628\u064a\u0646 \u0627\u0644\u0639\u0645\u0627\u0631\u0629 \u0648\u0627\u0644\u062a\u0642\u0627\u0644\u064a\u062f.\",\"breadcrumb\":{\"@id\":\"https:\\\/\\\/sevilla-palace.com\\\/ar\\\/#breadcrumb\"},\"inLanguage\":\"ar\",\"potentialAction\":[{\"@type\":\"ReadAction\",\"target\":[\"https:\\\/\\\/sevilla-palace.com\\\/ar\\\/\"]}]},{\"@type\":\"ImageObject\",\"inLanguage\":\"ar\",\"@id\":\"https:\\\/\\\/sevilla-palace.com\\\/ar\\\/#primaryimage\",\"url\":\"https:\\\/\\\/sevilla-palace.com\\\/wp-content\\\/uploads\\\/2022\\\/10\\\/ticket-palais-seville-alcazar-1.jpg\",\"contentUrl\":\"https:\\\/\\\/sevilla-palace.com\\\/wp-content\\\/uploads\\\/2022\\\/10\\\/ticket-palais-seville-alcazar-1.jpg\",\"width\":1440,\"height\":810,\"caption\":\"\u062a\u0630\u0643\u0631\u0629 \u0642\u0635\u0631 \u0631\u064a\u0627\u0644 \u0623\u0644\u0643\u0627\u062b\u0627\u0631 \u0641\u064a \u0625\u0634\u0628\u064a\u0644\u064a\u0629\"},{\"@type\":\"BreadcrumbList\",\"@id\":\"https:\\\/\\\/sevilla-palace.com\\\/ar\\\/#breadcrumb\",\"itemListElement\":[{\"@type\":\"ListItem\",\"position\":1,\"name\":\"Accueil\",\"item\":\"https:\\\/\\\/sevilla-palace.com\\\/ar\\\/\"},{\"@type\":\"ListItem\",\"position\":2,\"name\":\"\u0642\u0635\u0631 \u0631\u064a\u0627\u0644 \u0623\u0644\u0643\u0627\u062b\u0627\u0631 \u0641\u064a \u0625\u0634\u0628\u064a\u0644\u064a\u0629\"}]},{\"@type\":\"WebSite\",\"@id\":\"https:\\\/\\\/sevilla-palace.com\\\/#website\",\"url\":\"https:\\\/\\\/sevilla-palace.com\\\/\",\"name\":\"Online provider ticketing service.\",\"description\":\"Entrada al Palacio Real Alc\u00e1zar de Sevilla, el palacio m\u00e1s hermoso de Espa\u00f1a\",\"potentialAction\":[{\"@type\":\"SearchAction\",\"target\":{\"@type\":\"EntryPoint\",\"urlTemplate\":\"https:\\\/\\\/sevilla-palace.com\\\/?s={search_term_string}\"},\"query-input\":{\"@type\":\"PropertyValueSpecification\",\"valueRequired\":true,\"valueName\":\"search_term_string\"}}],\"inLanguage\":\"ar\"}]}<\/script>\n<!-- \/ Yoast SEO plugin. -->","yoast_head_json":{"title":"\u062a\u0630\u0643\u0631\u0629 \u0642\u0635\u0631 \u0631\u064a\u0627\u0644 \u0623\u0644\u0643\u0627\u062b\u0627\u0631 \u0641\u064a \u0625\u0634\u0628\u064a\u0644\u064a\u0629 | \u062f\u062e\u0648\u0644 \u0627\u0644\u0642\u0635\u0631 \u0648\u0627\u0644\u062d\u062f\u0627\u0626\u0642.","description":"\u0627\u0643\u062a\u0634\u0641 \u062a\u0630\u0643\u0631\u0629 \u0642\u0635\u0631 \u0631\u064a\u0627\u0644 \u0623\u0644\u0643\u0627\u062b\u0627\u0631 \u0641\u064a \u0625\u0634\u0628\u064a\u0644\u064a\u0629 \u0648\u062d\u062f\u0627\u0626\u0642\u0647 \u0645\u0639 Tilckets\u060c \u062c\u0648\u0647\u0631\u0629 \u0623\u0646\u062f\u0644\u0633\u064a\u0629 \u062d\u0642\u064a\u0642\u064a\u0629 \u062a\u062c\u0645\u0639 \u0628\u064a\u0646 \u0627\u0644\u0639\u0645\u0627\u0631\u0629 \u0648\u0627\u0644\u062a\u0642\u0627\u0644\u064a\u062f.","robots":{"index":"index","follow":"follow","max-snippet":"max-snippet:-1","max-image-preview":"max-image-preview:large","max-video-preview":"max-video-preview:-1"},"canonical":"https:\/\/sevilla-palace.com\/ar\/","schema":{"@context":"https:\/\/schema.org","@graph":[{"@type":"WebPage","@id":"https:\/\/sevilla-palace.com\/ar\/","url":"https:\/\/sevilla-palace.com\/ar\/","name":"\u062a\u0630\u0643\u0631\u0629 \u0642\u0635\u0631 \u0631\u064a\u0627\u0644 \u0623\u0644\u0643\u0627\u062b\u0627\u0631 \u0641\u064a \u0625\u0634\u0628\u064a\u0644\u064a\u0629 | \u062f\u062e\u0648\u0644 \u0627\u0644\u0642\u0635\u0631 \u0648\u0627\u0644\u062d\u062f\u0627\u0626\u0642.","isPartOf":{"@id":"https:\/\/sevilla-palace.com\/#website"},"primaryImageOfPage":{"@id":"https:\/\/sevilla-palace.com\/ar\/#primaryimage"},"image":{"@id":"https:\/\/sevilla-palace.com\/ar\/#primaryimage"},"thumbnailUrl":"https:\/\/sevilla-palace.com\/wp-content\/uploads\/2022\/10\/ticket-palais-seville-alcazar-1.jpg","datePublished":"2019-11-17T16:09:56+00:00","dateModified":"2026-01-13T10:18:53+00:00","description":"\u0627\u0643\u062a\u0634\u0641 \u062a\u0630\u0643\u0631\u0629 \u0642\u0635\u0631 \u0631\u064a\u0627\u0644 \u0623\u0644\u0643\u0627\u062b\u0627\u0631 \u0641\u064a \u0625\u0634\u0628\u064a\u0644\u064a\u0629 \u0648\u062d\u062f\u0627\u0626\u0642\u0647 \u0645\u0639 Tilckets\u060c \u062c\u0648\u0647\u0631\u0629 \u0623\u0646\u062f\u0644\u0633\u064a\u0629 \u062d\u0642\u064a\u0642\u064a\u0629 \u062a\u062c\u0645\u0639 \u0628\u064a\u0646 \u0627\u0644\u0639\u0645\u0627\u0631\u0629 \u0648\u0627\u0644\u062a\u0642\u0627\u0644\u064a\u062f.","breadcrumb":{"@id":"https:\/\/sevilla-palace.com\/ar\/#breadcrumb"},"inLanguage":"ar","potentialAction":[{"@type":"ReadAction","target":["https:\/\/sevilla-palace.com\/ar\/"]}]},{"@type":"ImageObject","inLanguage":"ar","@id":"https:\/\/sevilla-palace.com\/ar\/#primaryimage","url":"https:\/\/sevilla-palace.com\/wp-content\/uploads\/2022\/10\/ticket-palais-seville-alcazar-1.jpg","contentUrl":"https:\/\/sevilla-palace.com\/wp-content\/uploads\/2022\/10\/ticket-palais-seville-alcazar-1.jpg","width":1440,"height":810,"caption":"\u062a\u0630\u0643\u0631\u0629 \u0642\u0635\u0631 \u0631\u064a\u0627\u0644 \u0623\u0644\u0643\u0627\u062b\u0627\u0631 \u0641\u064a \u0625\u0634\u0628\u064a\u0644\u064a\u0629"},{"@type":"BreadcrumbList","@id":"https:\/\/sevilla-palace.com\/ar\/#breadcrumb","itemListElement":[{"@type":"ListItem","position":1,"name":"Accueil","item":"https:\/\/sevilla-palace.com\/ar\/"},{"@type":"ListItem","position":2,"name":"\u0642\u0635\u0631 \u0631\u064a\u0627\u0644 \u0623\u0644\u0643\u0627\u062b\u0627\u0631 \u0641\u064a \u0625\u0634\u0628\u064a\u0644\u064a\u0629"}]},{"@type":"WebSite","@id":"https:\/\/sevilla-palace.com\/#website","url":"https:\/\/sevilla-palace.com\/","name":"Online provider ticketing service.","description":"Entrada al Palacio Real Alc\u00e1zar de Sevilla, el palacio m\u00e1s hermoso de Espa\u00f1a","potentialAction":[{"@type":"SearchAction","target":{"@type":"EntryPoint","urlTemplate":"https:\/\/sevilla-palace.com\/?s={search_term_string}"},"query-input":{"@type":"PropertyValueSpecification","valueRequired":true,"valueName":"search_term_string"}}],"inLanguage":"ar"}]}},"_links":{"self":[{"href":"https:\/\/sevilla-palace.com\/ar\/wp-json\/wp\/v2\/pages\/3440","targetHints":{"allow":["GET"]}}],"collection":[{"href":"https:\/\/sevilla-palace.com\/ar\/wp-json\/wp\/v2\/pages"}],"about":[{"href":"https:\/\/sevilla-palace.com\/ar\/wp-json\/wp\/v2\/types\/page"}],"author":[{"embeddable":true,"href":"https:\/\/sevilla-palace.com\/ar\/wp-json\/wp\/v2\/users\/3"}],"replies":[{"embeddable":true,"href":"https:\/\/sevilla-palace.com\/ar\/wp-json\/wp\/v2\/comments?post=3440"}],"version-history":[{"count":33,"href":"https:\/\/sevilla-palace.com\/ar\/wp-json\/wp\/v2\/pages\/3440\/revisions"}],"predecessor-version":[{"id":3715,"href":"https:\/\/sevilla-palace.com\/ar\/wp-json\/wp\/v2\/pages\/3440\/revisions\/3715"}],"wp:featuredmedia":[{"embeddable":true,"href":"https:\/\/sevilla-palace.com\/ar\/wp-json\/wp\/v2\/media\/3442"}],"wp:attachment":[{"href":"https:\/\/sevilla-palace.com\/ar\/wp-json\/wp\/v2\/media?parent=3440"}],"curies":[{"name":"wp","href":"https:\/\/api.w.org\/{rel}","templated":true}]}}