{"id":2972,"date":"2019-11-17T17:09:56","date_gmt":"2019-11-17T16:09:56","guid":{"rendered":"https:\/\/sevilla-palace.com\/billet-palais-seville\/"},"modified":"2026-01-13T11:25:13","modified_gmt":"2026-01-13T10:25:13","slug":"%e3%82%bb%e3%83%93%e3%83%aa%e3%82%a2%e7%8e%8b%e5%ae%ae%e3%83%81%e3%82%b1%e3%83%83%e3%83%88","status":"publish","type":"page","link":"https:\/\/sevilla-palace.com\/ja\/","title":{"rendered":"\u30bb\u30d3\u30ea\u30a2\u738b\u5bae\u30c1\u30b1\u30c3\u30c8"},"content":{"rendered":"","protected":false},"excerpt":{"rendered":"","protected":false},"author":3,"featured_media":2974,"parent":0,"menu_order":0,"comment_status":"closed","ping_status":"closed","template":"templates\/template-home.php","meta":{"_acf_changed":false,"footnotes":""},"class_list":["post-2972","page","type-page","status-publish","has-post-thumbnail","hentry"],"acf":[],"yoast_head":"<!-- This site is optimized with the Yoast SEO plugin v27.4 - https:\/\/yoast.com\/product\/yoast-seo-wordpress\/ -->\n<title>\u30bb\u30d3\u30ea\u30a2\u738b\u5bae\u30c1\u30b1\u30c3\u30c8\uff5c\u5bae\u6bbf\u3068\u5ead\u5712\u3078\u306e\u5165\u5834\u4ed8\u304d<\/title>\n<meta name=\"description\" content=\"\u30bb\u30d3\u30ea\u30a2\u738b\u5bae\u30c1\u30b1\u30c3\u30c8\u3068\u305d\u306e\u7f8e\u3057\u3044\u5ead\u5712\u3092\u4f53\u9a13\u3057\u307e\u3057\u3087\u3046\u3002\u30a2\u30f3\u30c0\u30eb\u30b7\u30a2\u306e\u771f\u306e\u5b9d\u77f3\u2015\u2015\u5efa\u7bc9\u3068\u4f1d\u7d71\u304c\u606f\u3065\u304f\u5834\u6240\u3067\u3059\u3002\" \/>\n<meta name=\"robots\" content=\"index, follow, max-snippet:-1, max-image-preview:large, max-video-preview:-1\" \/>\n<link rel=\"canonical\" href=\"https:\/\/sevilla-palace.com\/ja\/\" \/>\n<script type=\"application\/ld+json\" class=\"yoast-schema-graph\">{\"@context\":\"https:\\\/\\\/schema.org\",\"@graph\":[{\"@type\":\"WebPage\",\"@id\":\"https:\\\/\\\/sevilla-palace.com\\\/ja\\\/\",\"url\":\"https:\\\/\\\/sevilla-palace.com\\\/ja\\\/\",\"name\":\"\u30bb\u30d3\u30ea\u30a2\u738b\u5bae\u30c1\u30b1\u30c3\u30c8\uff5c\u5bae\u6bbf\u3068\u5ead\u5712\u3078\u306e\u5165\u5834\u4ed8\u304d\",\"isPartOf\":{\"@id\":\"https:\\\/\\\/sevilla-palace.com\\\/#website\"},\"primaryImageOfPage\":{\"@id\":\"https:\\\/\\\/sevilla-palace.com\\\/ja\\\/#primaryimage\"},\"image\":{\"@id\":\"https:\\\/\\\/sevilla-palace.com\\\/ja\\\/#primaryimage\"},\"thumbnailUrl\":\"https:\\\/\\\/sevilla-palace.com\\\/wp-content\\\/uploads\\\/2022\\\/10\\\/ticket-palais-seville-alcazar-1.jpg\",\"datePublished\":\"2019-11-17T16:09:56+00:00\",\"dateModified\":\"2026-01-13T10:25:13+00:00\",\"description\":\"\u30bb\u30d3\u30ea\u30a2\u738b\u5bae\u30c1\u30b1\u30c3\u30c8\u3068\u305d\u306e\u7f8e\u3057\u3044\u5ead\u5712\u3092\u4f53\u9a13\u3057\u307e\u3057\u3087\u3046\u3002\u30a2\u30f3\u30c0\u30eb\u30b7\u30a2\u306e\u771f\u306e\u5b9d\u77f3\u2015\u2015\u5efa\u7bc9\u3068\u4f1d\u7d71\u304c\u606f\u3065\u304f\u5834\u6240\u3067\u3059\u3002\",\"breadcrumb\":{\"@id\":\"https:\\\/\\\/sevilla-palace.com\\\/ja\\\/#breadcrumb\"},\"inLanguage\":\"ja\",\"potentialAction\":[{\"@type\":\"ReadAction\",\"target\":[\"https:\\\/\\\/sevilla-palace.com\\\/ja\\\/\"]}]},{\"@type\":\"ImageObject\",\"inLanguage\":\"ja\",\"@id\":\"https:\\\/\\\/sevilla-palace.com\\\/ja\\\/#primaryimage\",\"url\":\"https:\\\/\\\/sevilla-palace.com\\\/wp-content\\\/uploads\\\/2022\\\/10\\\/ticket-palais-seville-alcazar-1.jpg\",\"contentUrl\":\"https:\\\/\\\/sevilla-palace.com\\\/wp-content\\\/uploads\\\/2022\\\/10\\\/ticket-palais-seville-alcazar-1.jpg\",\"width\":1440,\"height\":810,\"caption\":\"\u30bb\u30d3\u30ea\u30a2\u738b\u5bae\u30c1\u30b1\u30c3\u30c8\"},{\"@type\":\"BreadcrumbList\",\"@id\":\"https:\\\/\\\/sevilla-palace.com\\\/ja\\\/#breadcrumb\",\"itemListElement\":[{\"@type\":\"ListItem\",\"position\":1,\"name\":\"Accueil\",\"item\":\"https:\\\/\\\/sevilla-palace.com\\\/ja\\\/\"},{\"@type\":\"ListItem\",\"position\":2,\"name\":\"\u30bb\u30d3\u30ea\u30a2\u738b\u5bae\u30c1\u30b1\u30c3\u30c8\"}]},{\"@type\":\"WebSite\",\"@id\":\"https:\\\/\\\/sevilla-palace.com\\\/#website\",\"url\":\"https:\\\/\\\/sevilla-palace.com\\\/\",\"name\":\"Online provider ticketing service.\",\"description\":\"Entrada al Palacio Real Alc\u00e1zar de Sevilla, el palacio m\u00e1s hermoso de Espa\u00f1a\",\"potentialAction\":[{\"@type\":\"SearchAction\",\"target\":{\"@type\":\"EntryPoint\",\"urlTemplate\":\"https:\\\/\\\/sevilla-palace.com\\\/?s={search_term_string}\"},\"query-input\":{\"@type\":\"PropertyValueSpecification\",\"valueRequired\":true,\"valueName\":\"search_term_string\"}}],\"inLanguage\":\"ja\"}]}<\/script>\n<!-- \/ Yoast SEO plugin. -->","yoast_head_json":{"title":"\u30bb\u30d3\u30ea\u30a2\u738b\u5bae\u30c1\u30b1\u30c3\u30c8\uff5c\u5bae\u6bbf\u3068\u5ead\u5712\u3078\u306e\u5165\u5834\u4ed8\u304d","description":"\u30bb\u30d3\u30ea\u30a2\u738b\u5bae\u30c1\u30b1\u30c3\u30c8\u3068\u305d\u306e\u7f8e\u3057\u3044\u5ead\u5712\u3092\u4f53\u9a13\u3057\u307e\u3057\u3087\u3046\u3002\u30a2\u30f3\u30c0\u30eb\u30b7\u30a2\u306e\u771f\u306e\u5b9d\u77f3\u2015\u2015\u5efa\u7bc9\u3068\u4f1d\u7d71\u304c\u606f\u3065\u304f\u5834\u6240\u3067\u3059\u3002","robots":{"index":"index","follow":"follow","max-snippet":"max-snippet:-1","max-image-preview":"max-image-preview:large","max-video-preview":"max-video-preview:-1"},"canonical":"https:\/\/sevilla-palace.com\/ja\/","schema":{"@context":"https:\/\/schema.org","@graph":[{"@type":"WebPage","@id":"https:\/\/sevilla-palace.com\/ja\/","url":"https:\/\/sevilla-palace.com\/ja\/","name":"\u30bb\u30d3\u30ea\u30a2\u738b\u5bae\u30c1\u30b1\u30c3\u30c8\uff5c\u5bae\u6bbf\u3068\u5ead\u5712\u3078\u306e\u5165\u5834\u4ed8\u304d","isPartOf":{"@id":"https:\/\/sevilla-palace.com\/#website"},"primaryImageOfPage":{"@id":"https:\/\/sevilla-palace.com\/ja\/#primaryimage"},"image":{"@id":"https:\/\/sevilla-palace.com\/ja\/#primaryimage"},"thumbnailUrl":"https:\/\/sevilla-palace.com\/wp-content\/uploads\/2022\/10\/ticket-palais-seville-alcazar-1.jpg","datePublished":"2019-11-17T16:09:56+00:00","dateModified":"2026-01-13T10:25:13+00:00","description":"\u30bb\u30d3\u30ea\u30a2\u738b\u5bae\u30c1\u30b1\u30c3\u30c8\u3068\u305d\u306e\u7f8e\u3057\u3044\u5ead\u5712\u3092\u4f53\u9a13\u3057\u307e\u3057\u3087\u3046\u3002\u30a2\u30f3\u30c0\u30eb\u30b7\u30a2\u306e\u771f\u306e\u5b9d\u77f3\u2015\u2015\u5efa\u7bc9\u3068\u4f1d\u7d71\u304c\u606f\u3065\u304f\u5834\u6240\u3067\u3059\u3002","breadcrumb":{"@id":"https:\/\/sevilla-palace.com\/ja\/#breadcrumb"},"inLanguage":"ja","potentialAction":[{"@type":"ReadAction","target":["https:\/\/sevilla-palace.com\/ja\/"]}]},{"@type":"ImageObject","inLanguage":"ja","@id":"https:\/\/sevilla-palace.com\/ja\/#primaryimage","url":"https:\/\/sevilla-palace.com\/wp-content\/uploads\/2022\/10\/ticket-palais-seville-alcazar-1.jpg","contentUrl":"https:\/\/sevilla-palace.com\/wp-content\/uploads\/2022\/10\/ticket-palais-seville-alcazar-1.jpg","width":1440,"height":810,"caption":"\u30bb\u30d3\u30ea\u30a2\u738b\u5bae\u30c1\u30b1\u30c3\u30c8"},{"@type":"BreadcrumbList","@id":"https:\/\/sevilla-palace.com\/ja\/#breadcrumb","itemListElement":[{"@type":"ListItem","position":1,"name":"Accueil","item":"https:\/\/sevilla-palace.com\/ja\/"},{"@type":"ListItem","position":2,"name":"\u30bb\u30d3\u30ea\u30a2\u738b\u5bae\u30c1\u30b1\u30c3\u30c8"}]},{"@type":"WebSite","@id":"https:\/\/sevilla-palace.com\/#website","url":"https:\/\/sevilla-palace.com\/","name":"Online provider ticketing service.","description":"Entrada al Palacio Real Alc\u00e1zar de Sevilla, el palacio m\u00e1s hermoso de Espa\u00f1a","potentialAction":[{"@type":"SearchAction","target":{"@type":"EntryPoint","urlTemplate":"https:\/\/sevilla-palace.com\/?s={search_term_string}"},"query-input":{"@type":"PropertyValueSpecification","valueRequired":true,"valueName":"search_term_string"}}],"inLanguage":"ja"}]}},"_links":{"self":[{"href":"https:\/\/sevilla-palace.com\/ja\/wp-json\/wp\/v2\/pages\/2972","targetHints":{"allow":["GET"]}}],"collection":[{"href":"https:\/\/sevilla-palace.com\/ja\/wp-json\/wp\/v2\/pages"}],"about":[{"href":"https:\/\/sevilla-palace.com\/ja\/wp-json\/wp\/v2\/types\/page"}],"author":[{"embeddable":true,"href":"https:\/\/sevilla-palace.com\/ja\/wp-json\/wp\/v2\/users\/3"}],"replies":[{"embeddable":true,"href":"https:\/\/sevilla-palace.com\/ja\/wp-json\/wp\/v2\/comments?post=2972"}],"version-history":[{"count":22,"href":"https:\/\/sevilla-palace.com\/ja\/wp-json\/wp\/v2\/pages\/2972\/revisions"}],"predecessor-version":[{"id":3724,"href":"https:\/\/sevilla-palace.com\/ja\/wp-json\/wp\/v2\/pages\/2972\/revisions\/3724"}],"wp:featuredmedia":[{"embeddable":true,"href":"https:\/\/sevilla-palace.com\/ja\/wp-json\/wp\/v2\/media\/2974"}],"wp:attachment":[{"href":"https:\/\/sevilla-palace.com\/ja\/wp-json\/wp\/v2\/media?parent=2972"}],"curies":[{"name":"wp","href":"https:\/\/api.w.org\/{rel}","templated":true}]}}