{"id":3242,"date":"2019-11-17T17:09:56","date_gmt":"2019-11-17T16:09:56","guid":{"rendered":"https:\/\/sevilla-palace.com\/billet-palais-seville\/"},"modified":"2026-01-20T19:22:20","modified_gmt":"2026-01-20T18:22:20","slug":"ticket-real-alcazar-van-sevilla","status":"publish","type":"page","link":"https:\/\/sevilla-palace.com\/nl\/","title":{"rendered":"Ticket Real Alc\u00e1zar van Sevilla"},"content":{"rendered":"","protected":false},"excerpt":{"rendered":"","protected":false},"author":3,"featured_media":3244,"parent":0,"menu_order":0,"comment_status":"closed","ping_status":"closed","template":"templates\/template-home.php","meta":{"_acf_changed":false,"footnotes":""},"class_list":["post-3242","page","type-page","status-publish","has-post-thumbnail","hentry"],"acf":[],"yoast_head":"<!-- This site is optimized with the Yoast SEO plugin v27.4 - https:\/\/yoast.com\/product\/yoast-seo-wordpress\/ -->\n<title>Ticket Real Alc\u00e1zar van Sevilla | Toegang tot paleis en tuinen.<\/title>\n<meta name=\"description\" content=\"Ontdek met tilckets het Real Alc\u00e1zar van Sevilla en zijn prachtige tuinen.Een ware Andalusische parel, rijk aan architectuur en traditie.\" \/>\n<meta name=\"robots\" content=\"index, follow, max-snippet:-1, max-image-preview:large, max-video-preview:-1\" \/>\n<link rel=\"canonical\" href=\"https:\/\/sevilla-palace.com\/nl\/\" \/>\n<script type=\"application\/ld+json\" class=\"yoast-schema-graph\">{\"@context\":\"https:\\\/\\\/schema.org\",\"@graph\":[{\"@type\":\"WebPage\",\"@id\":\"https:\\\/\\\/sevilla-palace.com\\\/nl\\\/\",\"url\":\"https:\\\/\\\/sevilla-palace.com\\\/nl\\\/\",\"name\":\"Ticket Real Alc\u00e1zar van Sevilla | Toegang tot paleis en tuinen.\",\"isPartOf\":{\"@id\":\"https:\\\/\\\/sevilla-palace.com\\\/#website\"},\"primaryImageOfPage\":{\"@id\":\"https:\\\/\\\/sevilla-palace.com\\\/nl\\\/#primaryimage\"},\"image\":{\"@id\":\"https:\\\/\\\/sevilla-palace.com\\\/nl\\\/#primaryimage\"},\"thumbnailUrl\":\"https:\\\/\\\/sevilla-palace.com\\\/wp-content\\\/uploads\\\/2022\\\/10\\\/ticket-palais-seville-alcazar-1.jpg\",\"datePublished\":\"2019-11-17T16:09:56+00:00\",\"dateModified\":\"2026-01-20T18:22:20+00:00\",\"description\":\"Ontdek met tilckets het Real Alc\u00e1zar van Sevilla en zijn prachtige tuinen.Een ware Andalusische parel, rijk aan architectuur en traditie.\",\"breadcrumb\":{\"@id\":\"https:\\\/\\\/sevilla-palace.com\\\/nl\\\/#breadcrumb\"},\"inLanguage\":\"nl-NL\",\"potentialAction\":[{\"@type\":\"ReadAction\",\"target\":[\"https:\\\/\\\/sevilla-palace.com\\\/nl\\\/\"]}]},{\"@type\":\"ImageObject\",\"inLanguage\":\"nl-NL\",\"@id\":\"https:\\\/\\\/sevilla-palace.com\\\/nl\\\/#primaryimage\",\"url\":\"https:\\\/\\\/sevilla-palace.com\\\/wp-content\\\/uploads\\\/2022\\\/10\\\/ticket-palais-seville-alcazar-1.jpg\",\"contentUrl\":\"https:\\\/\\\/sevilla-palace.com\\\/wp-content\\\/uploads\\\/2022\\\/10\\\/ticket-palais-seville-alcazar-1.jpg\",\"width\":1440,\"height\":810,\"caption\":\"Ticket Real Alc\u00e1zar van Sevilla\"},{\"@type\":\"BreadcrumbList\",\"@id\":\"https:\\\/\\\/sevilla-palace.com\\\/nl\\\/#breadcrumb\",\"itemListElement\":[{\"@type\":\"ListItem\",\"position\":1,\"name\":\"Accueil\",\"item\":\"https:\\\/\\\/sevilla-palace.com\\\/nl\\\/\"},{\"@type\":\"ListItem\",\"position\":2,\"name\":\"Ticket Real Alc\u00e1zar van Sevilla\"}]},{\"@type\":\"WebSite\",\"@id\":\"https:\\\/\\\/sevilla-palace.com\\\/#website\",\"url\":\"https:\\\/\\\/sevilla-palace.com\\\/\",\"name\":\"Online provider ticketing service.\",\"description\":\"Entrada al Palacio Real Alc\u00e1zar de Sevilla, el palacio m\u00e1s hermoso de Espa\u00f1a\",\"potentialAction\":[{\"@type\":\"SearchAction\",\"target\":{\"@type\":\"EntryPoint\",\"urlTemplate\":\"https:\\\/\\\/sevilla-palace.com\\\/?s={search_term_string}\"},\"query-input\":{\"@type\":\"PropertyValueSpecification\",\"valueRequired\":true,\"valueName\":\"search_term_string\"}}],\"inLanguage\":\"nl-NL\"}]}<\/script>\n<!-- \/ Yoast SEO plugin. -->","yoast_head_json":{"title":"Ticket Real Alc\u00e1zar van Sevilla | Toegang tot paleis en tuinen.","description":"Ontdek met tilckets het Real Alc\u00e1zar van Sevilla en zijn prachtige tuinen.Een ware Andalusische parel, rijk aan architectuur en traditie.","robots":{"index":"index","follow":"follow","max-snippet":"max-snippet:-1","max-image-preview":"max-image-preview:large","max-video-preview":"max-video-preview:-1"},"canonical":"https:\/\/sevilla-palace.com\/nl\/","schema":{"@context":"https:\/\/schema.org","@graph":[{"@type":"WebPage","@id":"https:\/\/sevilla-palace.com\/nl\/","url":"https:\/\/sevilla-palace.com\/nl\/","name":"Ticket Real Alc\u00e1zar van Sevilla | Toegang tot paleis en tuinen.","isPartOf":{"@id":"https:\/\/sevilla-palace.com\/#website"},"primaryImageOfPage":{"@id":"https:\/\/sevilla-palace.com\/nl\/#primaryimage"},"image":{"@id":"https:\/\/sevilla-palace.com\/nl\/#primaryimage"},"thumbnailUrl":"https:\/\/sevilla-palace.com\/wp-content\/uploads\/2022\/10\/ticket-palais-seville-alcazar-1.jpg","datePublished":"2019-11-17T16:09:56+00:00","dateModified":"2026-01-20T18:22:20+00:00","description":"Ontdek met tilckets het Real Alc\u00e1zar van Sevilla en zijn prachtige tuinen.Een ware Andalusische parel, rijk aan architectuur en traditie.","breadcrumb":{"@id":"https:\/\/sevilla-palace.com\/nl\/#breadcrumb"},"inLanguage":"nl-NL","potentialAction":[{"@type":"ReadAction","target":["https:\/\/sevilla-palace.com\/nl\/"]}]},{"@type":"ImageObject","inLanguage":"nl-NL","@id":"https:\/\/sevilla-palace.com\/nl\/#primaryimage","url":"https:\/\/sevilla-palace.com\/wp-content\/uploads\/2022\/10\/ticket-palais-seville-alcazar-1.jpg","contentUrl":"https:\/\/sevilla-palace.com\/wp-content\/uploads\/2022\/10\/ticket-palais-seville-alcazar-1.jpg","width":1440,"height":810,"caption":"Ticket Real Alc\u00e1zar van Sevilla"},{"@type":"BreadcrumbList","@id":"https:\/\/sevilla-palace.com\/nl\/#breadcrumb","itemListElement":[{"@type":"ListItem","position":1,"name":"Accueil","item":"https:\/\/sevilla-palace.com\/nl\/"},{"@type":"ListItem","position":2,"name":"Ticket Real Alc\u00e1zar van Sevilla"}]},{"@type":"WebSite","@id":"https:\/\/sevilla-palace.com\/#website","url":"https:\/\/sevilla-palace.com\/","name":"Online provider ticketing service.","description":"Entrada al Palacio Real Alc\u00e1zar de Sevilla, el palacio m\u00e1s hermoso de Espa\u00f1a","potentialAction":[{"@type":"SearchAction","target":{"@type":"EntryPoint","urlTemplate":"https:\/\/sevilla-palace.com\/?s={search_term_string}"},"query-input":{"@type":"PropertyValueSpecification","valueRequired":true,"valueName":"search_term_string"}}],"inLanguage":"nl-NL"}]}},"_links":{"self":[{"href":"https:\/\/sevilla-palace.com\/nl\/wp-json\/wp\/v2\/pages\/3242","targetHints":{"allow":["GET"]}}],"collection":[{"href":"https:\/\/sevilla-palace.com\/nl\/wp-json\/wp\/v2\/pages"}],"about":[{"href":"https:\/\/sevilla-palace.com\/nl\/wp-json\/wp\/v2\/types\/page"}],"author":[{"embeddable":true,"href":"https:\/\/sevilla-palace.com\/nl\/wp-json\/wp\/v2\/users\/3"}],"replies":[{"embeddable":true,"href":"https:\/\/sevilla-palace.com\/nl\/wp-json\/wp\/v2\/comments?post=3242"}],"version-history":[{"count":21,"href":"https:\/\/sevilla-palace.com\/nl\/wp-json\/wp\/v2\/pages\/3242\/revisions"}],"predecessor-version":[{"id":3729,"href":"https:\/\/sevilla-palace.com\/nl\/wp-json\/wp\/v2\/pages\/3242\/revisions\/3729"}],"wp:featuredmedia":[{"embeddable":true,"href":"https:\/\/sevilla-palace.com\/nl\/wp-json\/wp\/v2\/media\/3244"}],"wp:attachment":[{"href":"https:\/\/sevilla-palace.com\/nl\/wp-json\/wp\/v2\/media?parent=3242"}],"curies":[{"name":"wp","href":"https:\/\/api.w.org\/{rel}","templated":true}]}}