{"id":2794,"date":"2019-11-17T17:09:56","date_gmt":"2019-11-17T16:09:56","guid":{"rendered":"https:\/\/sevilla-palace.com\/billet-palais-seville\/"},"modified":"2026-01-13T11:19:56","modified_gmt":"2026-01-13T10:19:56","slug":"%e5%a1%9e%e7%bb%b4%e5%88%a9%e4%ba%9a%e7%8e%8b%e5%ae%ab%e9%97%a8%e7%a5%a8","status":"publish","type":"page","link":"https:\/\/sevilla-palace.com\/zh-hans\/","title":{"rendered":"\u585e\u7ef4\u5229\u4e9a\u738b\u5bab\u95e8\u7968"},"content":{"rendered":"","protected":false},"excerpt":{"rendered":"","protected":false},"author":3,"featured_media":2796,"parent":0,"menu_order":0,"comment_status":"closed","ping_status":"closed","template":"templates\/template-home.php","meta":{"_acf_changed":false,"footnotes":""},"class_list":["post-2794","page","type-page","status-publish","has-post-thumbnail","hentry"],"acf":[],"yoast_head":"<!-- This site is optimized with the Yoast SEO plugin v27.4 - https:\/\/yoast.com\/product\/yoast-seo-wordpress\/ -->\n<title>\u7531 tilckets \u63d0\u4f9b\u7684\u585e\u7ef4\u5229\u4e9a\u738b\u5bab\u95e8\u7968 | \u542b\u5bab\u6bbf\u53ca\u82b1\u56ed\u5165\u573a\u3002<\/title>\n<meta name=\"description\" content=\"\u901a\u8fc7 tilckets \u63a2\u7d22\u585e\u7ef4\u5229\u4e9a\u738b\u5bab\u53ca\u5176\u82b1\u56ed\u3002\u8fd9\u5ea7\u771f\u6b63\u7684\u5b89\u8fbe\u5362\u897f\u4e9a\u7470\u5b9d\uff0c\u878d\u5408\u4e86\u5efa\u7b51\u4e0e\u4f20\u7edf\u4e4b\u7f8e\u3002\" \/>\n<meta name=\"robots\" content=\"index, follow, max-snippet:-1, max-image-preview:large, max-video-preview:-1\" \/>\n<link rel=\"canonical\" href=\"https:\/\/sevilla-palace.com\/zh-hans\/\" \/>\n<script type=\"application\/ld+json\" class=\"yoast-schema-graph\">{\"@context\":\"https:\\\/\\\/schema.org\",\"@graph\":[{\"@type\":\"WebPage\",\"@id\":\"https:\\\/\\\/sevilla-palace.com\\\/zh-hans\\\/\",\"url\":\"https:\\\/\\\/sevilla-palace.com\\\/zh-hans\\\/\",\"name\":\"\u7531 tilckets \u63d0\u4f9b\u7684\u585e\u7ef4\u5229\u4e9a\u738b\u5bab\u95e8\u7968 | \u542b\u5bab\u6bbf\u53ca\u82b1\u56ed\u5165\u573a\u3002\",\"isPartOf\":{\"@id\":\"https:\\\/\\\/sevilla-palace.com\\\/#website\"},\"primaryImageOfPage\":{\"@id\":\"https:\\\/\\\/sevilla-palace.com\\\/zh-hans\\\/#primaryimage\"},\"image\":{\"@id\":\"https:\\\/\\\/sevilla-palace.com\\\/zh-hans\\\/#primaryimage\"},\"thumbnailUrl\":\"https:\\\/\\\/sevilla-palace.com\\\/wp-content\\\/uploads\\\/2022\\\/10\\\/ticket-palais-seville-alcazar-1.jpg\",\"datePublished\":\"2019-11-17T16:09:56+00:00\",\"dateModified\":\"2026-01-13T10:19:56+00:00\",\"description\":\"\u901a\u8fc7 tilckets \u63a2\u7d22\u585e\u7ef4\u5229\u4e9a\u738b\u5bab\u53ca\u5176\u82b1\u56ed\u3002\u8fd9\u5ea7\u771f\u6b63\u7684\u5b89\u8fbe\u5362\u897f\u4e9a\u7470\u5b9d\uff0c\u878d\u5408\u4e86\u5efa\u7b51\u4e0e\u4f20\u7edf\u4e4b\u7f8e\u3002\",\"breadcrumb\":{\"@id\":\"https:\\\/\\\/sevilla-palace.com\\\/zh-hans\\\/#breadcrumb\"},\"inLanguage\":\"zh-Hans\",\"potentialAction\":[{\"@type\":\"ReadAction\",\"target\":[\"https:\\\/\\\/sevilla-palace.com\\\/zh-hans\\\/\"]}]},{\"@type\":\"ImageObject\",\"inLanguage\":\"zh-Hans\",\"@id\":\"https:\\\/\\\/sevilla-palace.com\\\/zh-hans\\\/#primaryimage\",\"url\":\"https:\\\/\\\/sevilla-palace.com\\\/wp-content\\\/uploads\\\/2022\\\/10\\\/ticket-palais-seville-alcazar-1.jpg\",\"contentUrl\":\"https:\\\/\\\/sevilla-palace.com\\\/wp-content\\\/uploads\\\/2022\\\/10\\\/ticket-palais-seville-alcazar-1.jpg\",\"width\":1440,\"height\":810,\"caption\":\"\u585e\u7ef4\u5229\u4e9a\u738b\u5bab\u95e8\u7968\"},{\"@type\":\"BreadcrumbList\",\"@id\":\"https:\\\/\\\/sevilla-palace.com\\\/zh-hans\\\/#breadcrumb\",\"itemListElement\":[{\"@type\":\"ListItem\",\"position\":1,\"name\":\"Accueil\",\"item\":\"https:\\\/\\\/sevilla-palace.com\\\/zh-hans\\\/\"},{\"@type\":\"ListItem\",\"position\":2,\"name\":\"\u585e\u7ef4\u5229\u4e9a\u738b\u5bab\u95e8\u7968\"}]},{\"@type\":\"WebSite\",\"@id\":\"https:\\\/\\\/sevilla-palace.com\\\/#website\",\"url\":\"https:\\\/\\\/sevilla-palace.com\\\/\",\"name\":\"Online provider ticketing service.\",\"description\":\"Entrada al Palacio Real Alc\u00e1zar de Sevilla, el palacio m\u00e1s hermoso de Espa\u00f1a\",\"potentialAction\":[{\"@type\":\"SearchAction\",\"target\":{\"@type\":\"EntryPoint\",\"urlTemplate\":\"https:\\\/\\\/sevilla-palace.com\\\/?s={search_term_string}\"},\"query-input\":{\"@type\":\"PropertyValueSpecification\",\"valueRequired\":true,\"valueName\":\"search_term_string\"}}],\"inLanguage\":\"zh-Hans\"}]}<\/script>\n<!-- \/ Yoast SEO plugin. -->","yoast_head_json":{"title":"\u7531 tilckets \u63d0\u4f9b\u7684\u585e\u7ef4\u5229\u4e9a\u738b\u5bab\u95e8\u7968 | \u542b\u5bab\u6bbf\u53ca\u82b1\u56ed\u5165\u573a\u3002","description":"\u901a\u8fc7 tilckets \u63a2\u7d22\u585e\u7ef4\u5229\u4e9a\u738b\u5bab\u53ca\u5176\u82b1\u56ed\u3002\u8fd9\u5ea7\u771f\u6b63\u7684\u5b89\u8fbe\u5362\u897f\u4e9a\u7470\u5b9d\uff0c\u878d\u5408\u4e86\u5efa\u7b51\u4e0e\u4f20\u7edf\u4e4b\u7f8e\u3002","robots":{"index":"index","follow":"follow","max-snippet":"max-snippet:-1","max-image-preview":"max-image-preview:large","max-video-preview":"max-video-preview:-1"},"canonical":"https:\/\/sevilla-palace.com\/zh-hans\/","schema":{"@context":"https:\/\/schema.org","@graph":[{"@type":"WebPage","@id":"https:\/\/sevilla-palace.com\/zh-hans\/","url":"https:\/\/sevilla-palace.com\/zh-hans\/","name":"\u7531 tilckets \u63d0\u4f9b\u7684\u585e\u7ef4\u5229\u4e9a\u738b\u5bab\u95e8\u7968 | \u542b\u5bab\u6bbf\u53ca\u82b1\u56ed\u5165\u573a\u3002","isPartOf":{"@id":"https:\/\/sevilla-palace.com\/#website"},"primaryImageOfPage":{"@id":"https:\/\/sevilla-palace.com\/zh-hans\/#primaryimage"},"image":{"@id":"https:\/\/sevilla-palace.com\/zh-hans\/#primaryimage"},"thumbnailUrl":"https:\/\/sevilla-palace.com\/wp-content\/uploads\/2022\/10\/ticket-palais-seville-alcazar-1.jpg","datePublished":"2019-11-17T16:09:56+00:00","dateModified":"2026-01-13T10:19:56+00:00","description":"\u901a\u8fc7 tilckets \u63a2\u7d22\u585e\u7ef4\u5229\u4e9a\u738b\u5bab\u53ca\u5176\u82b1\u56ed\u3002\u8fd9\u5ea7\u771f\u6b63\u7684\u5b89\u8fbe\u5362\u897f\u4e9a\u7470\u5b9d\uff0c\u878d\u5408\u4e86\u5efa\u7b51\u4e0e\u4f20\u7edf\u4e4b\u7f8e\u3002","breadcrumb":{"@id":"https:\/\/sevilla-palace.com\/zh-hans\/#breadcrumb"},"inLanguage":"zh-Hans","potentialAction":[{"@type":"ReadAction","target":["https:\/\/sevilla-palace.com\/zh-hans\/"]}]},{"@type":"ImageObject","inLanguage":"zh-Hans","@id":"https:\/\/sevilla-palace.com\/zh-hans\/#primaryimage","url":"https:\/\/sevilla-palace.com\/wp-content\/uploads\/2022\/10\/ticket-palais-seville-alcazar-1.jpg","contentUrl":"https:\/\/sevilla-palace.com\/wp-content\/uploads\/2022\/10\/ticket-palais-seville-alcazar-1.jpg","width":1440,"height":810,"caption":"\u585e\u7ef4\u5229\u4e9a\u738b\u5bab\u95e8\u7968"},{"@type":"BreadcrumbList","@id":"https:\/\/sevilla-palace.com\/zh-hans\/#breadcrumb","itemListElement":[{"@type":"ListItem","position":1,"name":"Accueil","item":"https:\/\/sevilla-palace.com\/zh-hans\/"},{"@type":"ListItem","position":2,"name":"\u585e\u7ef4\u5229\u4e9a\u738b\u5bab\u95e8\u7968"}]},{"@type":"WebSite","@id":"https:\/\/sevilla-palace.com\/#website","url":"https:\/\/sevilla-palace.com\/","name":"Online provider ticketing service.","description":"Entrada al Palacio Real Alc\u00e1zar de Sevilla, el palacio m\u00e1s hermoso de Espa\u00f1a","potentialAction":[{"@type":"SearchAction","target":{"@type":"EntryPoint","urlTemplate":"https:\/\/sevilla-palace.com\/?s={search_term_string}"},"query-input":{"@type":"PropertyValueSpecification","valueRequired":true,"valueName":"search_term_string"}}],"inLanguage":"zh-Hans"}]}},"_links":{"self":[{"href":"https:\/\/sevilla-palace.com\/zh-hans\/wp-json\/wp\/v2\/pages\/2794","targetHints":{"allow":["GET"]}}],"collection":[{"href":"https:\/\/sevilla-palace.com\/zh-hans\/wp-json\/wp\/v2\/pages"}],"about":[{"href":"https:\/\/sevilla-palace.com\/zh-hans\/wp-json\/wp\/v2\/types\/page"}],"author":[{"embeddable":true,"href":"https:\/\/sevilla-palace.com\/zh-hans\/wp-json\/wp\/v2\/users\/3"}],"replies":[{"embeddable":true,"href":"https:\/\/sevilla-palace.com\/zh-hans\/wp-json\/wp\/v2\/comments?post=2794"}],"version-history":[{"count":13,"href":"https:\/\/sevilla-palace.com\/zh-hans\/wp-json\/wp\/v2\/pages\/2794\/revisions"}],"predecessor-version":[{"id":3716,"href":"https:\/\/sevilla-palace.com\/zh-hans\/wp-json\/wp\/v2\/pages\/2794\/revisions\/3716"}],"wp:featuredmedia":[{"embeddable":true,"href":"https:\/\/sevilla-palace.com\/zh-hans\/wp-json\/wp\/v2\/media\/2796"}],"wp:attachment":[{"href":"https:\/\/sevilla-palace.com\/zh-hans\/wp-json\/wp\/v2\/media?parent=2794"}],"curies":[{"name":"wp","href":"https:\/\/api.w.org\/{rel}","templated":true}]}}